{"id":6,"date":"2023-11-25T12:26:47","date_gmt":"2023-11-25T09:26:47","guid":{"rendered":"https:\/\/caganenerji.com\/?page_id=6"},"modified":"2023-12-11T21:26:19","modified_gmt":"2023-12-11T18:26:19","slug":"blog","status":"publish","type":"page","link":"https:\/\/caganenerji.com\/?page_id=6","title":{"rendered":"Hakk\u0131m\u0131zda"},"content":{"rendered":"\n<p class=\"has-text-align-left\">Deneyimli kadromuz ile Anahtar Teslim Taahh\u00fct \u0130\u015fleri, M\u00fchendislik Hizmetleri, Proje Uygulama, Enerji Santralleri, Yenilenebilir Enerji, Otomasyon, Bak\u0131m &amp; Servis alanlar\u0131nda 2021 y\u0131l\u0131ndan bu yana  hizmet vermekteyiz.<\/p>\n","protected":false},"excerpt":{"rendered":"<p>Deneyimli kadromuz ile Anahtar Teslim Taahh\u00fct \u0130\u015fleri, M\u00fchendislik Hizmetleri, Proje Uygulama, Enerji Santralleri, Yenilenebilir Enerji, Otomasyon, Bak\u0131m &amp; Servis alanlar\u0131nda 2021 y\u0131l\u0131ndan bu yana hizmet vermekteyiz.<\/p>\n","protected":false},"author":1,"featured_media":0,"parent":0,"menu_order":0,"comment_status":"closed","ping_status":"closed","template":"page.php","meta":{"footnotes":""},"class_list":["post-6","page","type-page","status-publish","hentry"],"_links":{"self":[{"href":"https:\/\/caganenerji.com\/index.php?rest_route=\/wp\/v2\/pages\/6","targetHints":{"allow":["GET"]}}],"collection":[{"href":"https:\/\/caganenerji.com\/index.php?rest_route=\/wp\/v2\/pages"}],"about":[{"href":"https:\/\/caganenerji.com\/index.php?rest_route=\/wp\/v2\/types\/page"}],"author":[{"embeddable":true,"href":"https:\/\/caganenerji.com\/index.php?rest_route=\/wp\/v2\/users\/1"}],"replies":[{"embeddable":true,"href":"https:\/\/caganenerji.com\/index.php?rest_route=%2Fwp%2Fv2%2Fcomments&post=6"}],"version-history":[{"count":10,"href":"https:\/\/caganenerji.com\/index.php?rest_route=\/wp\/v2\/pages\/6\/revisions"}],"predecessor-version":[{"id":183,"href":"https:\/\/caganenerji.com\/index.php?rest_route=\/wp\/v2\/pages\/6\/revisions\/183"}],"wp:attachment":[{"href":"https:\/\/caganenerji.com\/index.php?rest_route=%2Fwp%2Fv2%2Fmedia&parent=6"}],"curies":[{"name":"wp","href":"https:\/\/api.w.org\/{rel}","templated":true}]}}